{"id":101,"date":"2018-12-14T06:33:27","date_gmt":"2018-12-13T21:33:27","guid":{"rendered":"http:\/\/www.ksikorea.com\/ko\/?page_id=101"},"modified":"2019-10-04T14:09:28","modified_gmt":"2019-10-04T05:09:28","slug":"bollard","status":"publish","type":"page","link":"http:\/\/www.ksikorea.com\/ko\/bollard\/","title":{"rendered":"\ubcfc\ub77c\ub4dc"},"content":{"rendered":"<section class=\"l-section wpb_row height_small\"><div class=\"l-section-h i-cf\"><div class=\"g-cols vc_row type_default valign_top\"><div class=\"vc_col-sm-12 wpb_column vc_column_container\"><div class=\"vc_column-inner\"><div class=\"wpb_wrapper\"><div id=\"ultimate-heading-438469f2d22283a2c\" class=\"uvc-heading ult-adjust-bottom-margin ultimate-heading-438469f2d22283a2c uvc-8492 \" data-hspacer=\"line_only\"  data-halign=\"left\" style=\"text-align:left\"><div class=\"uvc-main-heading ult-responsive\"  data-ultimate-target='.uvc-heading.ultimate-heading-438469f2d22283a2c h2'  data-responsive-json-new='{\"font-size\":\"\",\"line-height\":\"\"}' ><h2 style=\"font-weight:normal;\">\ubcfc\ub77c\ub4dc<\/h2><\/div><div class=\"uvc-heading-spacer line_only\" style=\"topheight:1px;\"><span class=\"uvc-headings-line\" style=\"border-style:solid;border-bottom-width:1px;border-color:#bababa;width:autopx;\"><\/span><\/div><\/div><\/div><\/div><\/div><\/div><\/div><\/section><section class=\"l-section wpb_row height_small\"><div class=\"l-section-h i-cf\"><div class=\"g-cols vc_row type_default valign_top\"><div class=\"vc_col-sm-12 wpb_column vc_column_container\"><div class=\"vc_column-inner\"><div class=\"wpb_wrapper\"><div class=\"g-cols wpb_row  type_default valign_top vc_inner  vc_custom_1570122464993\"><div class=\"vc_col-sm-4 wpb_column vc_column_container\"><div class=\"vc_column-inner\"><div class=\"wpb_wrapper\"><div class=\"w-image align_center\"><a class=\"w-image-h\" href=\"http:\/\/www.ksikorea.com\/ko\/wp-content\/uploads\/2019\/10\/GS-SB101-1.jpg\" ref=\"magnificPopup\"><img loading=\"lazy\" decoding=\"async\" width=\"450\" height=\"450\" src=\"http:\/\/www.ksikorea.com\/ko\/wp-content\/uploads\/2019\/10\/GS-SB101-1.jpg\" class=\"attachment-large size-large\" alt=\"\" srcset=\"http:\/\/www.ksikorea.com\/ko\/wp-content\/uploads\/2019\/10\/GS-SB101-1.jpg 450w, http:\/\/www.ksikorea.com\/ko\/wp-content\/uploads\/2019\/10\/GS-SB101-1-150x150.jpg 150w, http:\/\/www.ksikorea.com\/ko\/wp-content\/uploads\/2019\/10\/GS-SB101-1-300x300.jpg 300w, http:\/\/www.ksikorea.com\/ko\/wp-content\/uploads\/2019\/10\/GS-SB101-1-350x350.jpg 350w\" sizes=\"auto, (max-width: 450px) 100vw, 450px\" \/><\/a><\/div><\/div><\/div><\/div><div class=\"vc_col-sm-8 wpb_column vc_column_container\"><div class=\"vc_column-inner\"><div class=\"wpb_wrapper\">\r\n\t<div class=\"wpb_text_column \">\r\n\t\t<div class=\"wpb_wrapper\">\r\n\t\t\t<table class=\"ksitbl\">\n<tbody>\n<tr>\n<td>\ud488\uba85<\/td>\n<td>GS-SB101-1<\/td>\n<\/tr>\n<tr>\n<td>\ub2e8\uc704<\/td>\n<td>\uac1c<\/td>\n<\/tr>\n<tr>\n<td>\uaddc\uaca9<\/td>\n<td>\u03a6216\u00d73T\u00d7H1000mm<\/td>\n<\/tr>\n<tr>\n<td>\ubb3c\ud488\uc2dd\ubcc4\ubc88\ud638<\/td>\n<td>21366761<\/td>\n<\/tr>\n<\/tbody>\n<\/table>\n\r\n\t\t<\/div>\r\n\t<\/div>\r\n<div class=\"w-btn-wrapper width_auto align_left\"><a class=\"w-btn us-btn-style_8 icon_atleft\" href=\"http:\/\/www.g2b.go.kr:8092\/sm\/pp\/goods\/SMPPGoodsDtlInfo.do?cntrctGoodsMngNo=001950119001\" target=\"_blank\" rel=\"noopener\"><i class=\"fas fa-fas fa-external-link-alt\"><\/i><span class=\"w-btn-label\">\ub098\ub77c\uc7a5\ud130 \uc81c\ud488\ubc14\ub85c\uac00\uae30<\/span><\/a><\/div><div class=\"w-btn-wrapper width_auto align_left\"><a class=\"w-btn us-btn-style_9 icon_atleft\" href=\"\/ko\/inquiry\" rel=\"noopener nofollow\"><i class=\"fas fa-fas fa-edit\"><\/i><span class=\"w-btn-label\">\uacac\uc801\ubb38\uc758<\/span><\/a><\/div><\/div><\/div><\/div><\/div><div class=\"w-separator size_medium\"><\/div><div class=\"g-cols wpb_row  type_default valign_top vc_inner  vc_custom_1570122464993\"><div class=\"vc_col-sm-4 wpb_column vc_column_container\"><div class=\"vc_column-inner\"><div class=\"wpb_wrapper\"><div class=\"w-image align_center\"><a class=\"w-image-h\" href=\"http:\/\/www.ksikorea.com\/ko\/wp-content\/uploads\/2019\/10\/GS-SB101-3.jpg\" ref=\"magnificPopup\"><img loading=\"lazy\" decoding=\"async\" width=\"450\" height=\"450\" src=\"http:\/\/www.ksikorea.com\/ko\/wp-content\/uploads\/2019\/10\/GS-SB101-3.jpg\" class=\"attachment-large size-large\" alt=\"\" srcset=\"http:\/\/www.ksikorea.com\/ko\/wp-content\/uploads\/2019\/10\/GS-SB101-3.jpg 450w, http:\/\/www.ksikorea.com\/ko\/wp-content\/uploads\/2019\/10\/GS-SB101-3-150x150.jpg 150w, http:\/\/www.ksikorea.com\/ko\/wp-content\/uploads\/2019\/10\/GS-SB101-3-300x300.jpg 300w, http:\/\/www.ksikorea.com\/ko\/wp-content\/uploads\/2019\/10\/GS-SB101-3-350x350.jpg 350w\" sizes=\"auto, (max-width: 450px) 100vw, 450px\" \/><\/a><\/div><\/div><\/div><\/div><div class=\"vc_col-sm-8 wpb_column vc_column_container\"><div class=\"vc_column-inner\"><div class=\"wpb_wrapper\">\r\n\t<div class=\"wpb_text_column \">\r\n\t\t<div class=\"wpb_wrapper\">\r\n\t\t\t<table class=\"ksitbl\">\n<tbody>\n<tr>\n<td>\ud488\uba85<\/td>\n<td>GS-SB101-3<\/td>\n<\/tr>\n<tr>\n<td>\ub2e8\uc704<\/td>\n<td>\uac1c<\/td>\n<\/tr>\n<tr>\n<td>\uaddc\uaca9<\/td>\n<td>\u03a6216\u00d73T\u00d7H800mm<\/td>\n<\/tr>\n<tr>\n<td>\ubb3c\ud488\uc2dd\ubcc4\ubc88\ud638<\/td>\n<td>21366835<\/td>\n<\/tr>\n<\/tbody>\n<\/table>\n\r\n\t\t<\/div>\r\n\t<\/div>\r\n<div class=\"w-btn-wrapper width_auto align_left\"><a class=\"w-btn us-btn-style_8 icon_atleft\" href=\"http:\/\/www.g2b.go.kr:8092\/sm\/pp\/goods\/SMPPGoodsDtlInfo.do?cntrctGoodsMngNo=001950119002\" target=\"_blank\" rel=\"noopener\"><i class=\"fas fa-fas fa-external-link-alt\"><\/i><span class=\"w-btn-label\">\ub098\ub77c\uc7a5\ud130 \uc81c\ud488\ubc14\ub85c\uac00\uae30<\/span><\/a><\/div><div class=\"w-btn-wrapper width_auto align_left\"><a class=\"w-btn us-btn-style_9 icon_atleft\" href=\"\/ko\/inquiry\" rel=\"noopener nofollow\"><i class=\"fas fa-fas fa-edit\"><\/i><span class=\"w-btn-label\">\uacac\uc801\ubb38\uc758<\/span><\/a><\/div><\/div><\/div><\/div><\/div><div class=\"w-separator size_medium\"><\/div><div class=\"g-cols wpb_row  type_default valign_top vc_inner  vc_custom_1570122464993\"><div class=\"vc_col-sm-4 wpb_column vc_column_container\"><div class=\"vc_column-inner\"><div class=\"wpb_wrapper\"><div class=\"w-image align_center\"><a class=\"w-image-h\" href=\"http:\/\/www.ksikorea.com\/ko\/wp-content\/uploads\/2019\/10\/KSI-TB700.jpg\" ref=\"magnificPopup\"><img loading=\"lazy\" decoding=\"async\" width=\"450\" height=\"450\" src=\"http:\/\/www.ksikorea.com\/ko\/wp-content\/uploads\/2019\/10\/KSI-TB700.jpg\" class=\"attachment-large size-large\" alt=\"\" srcset=\"http:\/\/www.ksikorea.com\/ko\/wp-content\/uploads\/2019\/10\/KSI-TB700.jpg 450w, http:\/\/www.ksikorea.com\/ko\/wp-content\/uploads\/2019\/10\/KSI-TB700-150x150.jpg 150w, http:\/\/www.ksikorea.com\/ko\/wp-content\/uploads\/2019\/10\/KSI-TB700-300x300.jpg 300w, http:\/\/www.ksikorea.com\/ko\/wp-content\/uploads\/2019\/10\/KSI-TB700-350x350.jpg 350w\" sizes=\"auto, (max-width: 450px) 100vw, 450px\" \/><\/a><\/div><\/div><\/div><\/div><div class=\"vc_col-sm-8 wpb_column vc_column_container\"><div class=\"vc_column-inner\"><div class=\"wpb_wrapper\">\r\n\t<div class=\"wpb_text_column \">\r\n\t\t<div class=\"wpb_wrapper\">\r\n\t\t\t<table class=\"ksitbl\">\n<tbody>\n<tr>\n<td>\ud488\uba85<\/td>\n<td>KSI-TB700<\/td>\n<\/tr>\n<tr>\n<td>\ub2e8\uc704<\/td>\n<td>\uac1c<\/td>\n<\/tr>\n<tr>\n<td>\uaddc\uaca9<\/td>\n<td>\u03a6197\u00d7980mm<\/td>\n<\/tr>\n<tr>\n<td>\ubb3c\ud488\uc2dd\ubcc4\ubc88\ud638<\/td>\n<td>22992833<\/td>\n<\/tr>\n<\/tbody>\n<\/table>\n\r\n\t\t<\/div>\r\n\t<\/div>\r\n<div class=\"w-btn-wrapper width_auto align_left\"><a class=\"w-btn us-btn-style_8 icon_atleft\" href=\"http:\/\/www.g2b.go.kr:8092\/sm\/pp\/goods\/SMPPGoodsDtlInfo.do?cntrctGoodsMngNo=001950119007\" target=\"_blank\" rel=\"noopener\"><i class=\"fas fa-fas fa-external-link-alt\"><\/i><span class=\"w-btn-label\">\ub098\ub77c\uc7a5\ud130 \uc81c\ud488\ubc14\ub85c\uac00\uae30<\/span><\/a><\/div><div class=\"w-btn-wrapper width_auto align_left\"><a class=\"w-btn us-btn-style_9 icon_atleft\" href=\"\/ko\/inquiry\" rel=\"noopener nofollow\"><i class=\"fas fa-fas fa-edit\"><\/i><span class=\"w-btn-label\">\uacac\uc801\ubb38\uc758<\/span><\/a><\/div><\/div><\/div><\/div><\/div><div class=\"w-separator size_medium\"><\/div><div class=\"g-cols wpb_row  type_default valign_top vc_inner  vc_custom_1570122464993\"><div class=\"vc_col-sm-4 wpb_column vc_column_container\"><div class=\"vc_column-inner\"><div class=\"wpb_wrapper\"><div class=\"w-slider style_none\"><div class=\"w-slider-h\"><div class=\"royalSlider\"><div class=\"rsContent\"><a class=\"rsImg\" data-rsw=\"450\" data-rsh=\"450\" href=\"http:\/\/www.ksikorea.com\/ko\/wp-content\/uploads\/2019\/10\/KSI-TB700.jpg\"><span data-alt=\"\"><\/span><\/a><\/div><div class=\"rsContent\"><a class=\"rsImg\" data-rsw=\"450\" data-rsh=\"450\" href=\"http:\/\/www.ksikorea.com\/ko\/wp-content\/uploads\/2019\/10\/KSI-TB701-LED.jpg\"><span data-alt=\"\"><\/span><\/a><\/div><\/div><img decoding=\"async\" src=\"http:\/\/www.ksikorea.com\/ko\/wp-content\/uploads\/2019\/10\/KSI-TB700.jpg\" alt=\"\"><\/div><div class=\"w-slider-json\" onclick='return {&quot;loop&quot;:true,&quot;fadeInLoadedSlide&quot;:false,&quot;slidesSpacing&quot;:0,&quot;imageScalePadding&quot;:0,&quot;numImagesToPreload&quot;:2,&quot;arrowsNav&quot;:true,&quot;arrowsNavAutoHide&quot;:false,&quot;transitionType&quot;:&quot;move&quot;,&quot;transitionSpeed&quot;:300,&quot;block&quot;:{&quot;moveEffect&quot;:&quot;none&quot;,&quot;speed&quot;:300},&quot;controlNavigation&quot;:&quot;none&quot;,&quot;imageScaleMode&quot;:&quot;fit-if-smaller&quot;,&quot;autoScaleSlider&quot;:true,&quot;autoScaleSliderWidth&quot;:450,&quot;autoScaleSliderHeight&quot;:450,&quot;fitInViewport&quot;:false}'><\/div><\/div><\/div><\/div><\/div><div class=\"vc_col-sm-8 wpb_column vc_column_container\"><div class=\"vc_column-inner\"><div class=\"wpb_wrapper\">\r\n\t<div class=\"wpb_text_column \">\r\n\t\t<div class=\"wpb_wrapper\">\r\n\t\t\t<table class=\"ksitbl\">\n<tbody>\n<tr>\n<td>\ud488\uba85<\/td>\n<td>KSI-TB701-LED<\/td>\n<\/tr>\n<tr>\n<td>\ub2e8\uc704<\/td>\n<td>\uac1c<\/td>\n<\/tr>\n<tr>\n<td>\uaddc\uaca9<\/td>\n<td>\u03a6197\u00d7980mm<\/td>\n<\/tr>\n<tr>\n<td>\ubb3c\ud488\uc2dd\ubcc4\ubc88\ud638<\/td>\n<td>22996148<\/td>\n<\/tr>\n<\/tbody>\n<\/table>\n\r\n\t\t<\/div>\r\n\t<\/div>\r\n<div class=\"w-btn-wrapper width_auto align_left\"><a class=\"w-btn us-btn-style_8 icon_atleft\" href=\"http:\/\/www.g2b.go.kr:8092\/sm\/pp\/goods\/SMPPGoodsDtlInfo.do?cntrctGoodsMngNo=001950119008\" target=\"_blank\" rel=\"noopener\"><i class=\"fas fa-fas fa-external-link-alt\"><\/i><span class=\"w-btn-label\">\ub098\ub77c\uc7a5\ud130 \uc81c\ud488\ubc14\ub85c\uac00\uae30<\/span><\/a><\/div><div class=\"w-btn-wrapper width_auto align_left\"><a class=\"w-btn us-btn-style_9 icon_atleft\" href=\"\/ko\/inquiry\" rel=\"noopener nofollow\"><i class=\"fas fa-fas fa-edit\"><\/i><span class=\"w-btn-label\">\uacac\uc801\ubb38\uc758<\/span><\/a><\/div><\/div><\/div><\/div><\/div><div class=\"w-separator size_medium\"><\/div><div class=\"g-cols wpb_row  type_default valign_top vc_inner  vc_custom_1570122464993\"><div class=\"vc_col-sm-4 wpb_column vc_column_container\"><div class=\"vc_column-inner\"><div class=\"wpb_wrapper\"><div class=\"w-image align_center\"><a class=\"w-image-h\" href=\"http:\/\/www.ksikorea.com\/ko\/wp-content\/uploads\/2019\/10\/GS-UB101-3.jpg\" ref=\"magnificPopup\"><img loading=\"lazy\" decoding=\"async\" width=\"450\" height=\"450\" src=\"http:\/\/www.ksikorea.com\/ko\/wp-content\/uploads\/2019\/10\/GS-UB101-3.jpg\" class=\"attachment-large size-large\" alt=\"\" srcset=\"http:\/\/www.ksikorea.com\/ko\/wp-content\/uploads\/2019\/10\/GS-UB101-3.jpg 450w, http:\/\/www.ksikorea.com\/ko\/wp-content\/uploads\/2019\/10\/GS-UB101-3-150x150.jpg 150w, http:\/\/www.ksikorea.com\/ko\/wp-content\/uploads\/2019\/10\/GS-UB101-3-300x300.jpg 300w, http:\/\/www.ksikorea.com\/ko\/wp-content\/uploads\/2019\/10\/GS-UB101-3-350x350.jpg 350w\" sizes=\"auto, (max-width: 450px) 100vw, 450px\" \/><\/a><\/div><\/div><\/div><\/div><div class=\"vc_col-sm-8 wpb_column vc_column_container\"><div class=\"vc_column-inner\"><div class=\"wpb_wrapper\">\r\n\t<div class=\"wpb_text_column \">\r\n\t\t<div class=\"wpb_wrapper\">\r\n\t\t\t<table class=\"ksitbl\">\n<tbody>\n<tr>\n<td>\ud488\uba85<\/td>\n<td>GS-UB101-3<\/td>\n<\/tr>\n<tr>\n<td>\ub2e8\uc704<\/td>\n<td>\uac1c<\/td>\n<\/tr>\n<tr>\n<td>\uaddc\uaca9<\/td>\n<td>\u03a6101\u00d72T\u00d7H600\u00d7W1200mm<\/td>\n<\/tr>\n<tr>\n<td>\ubb3c\ud488\uc2dd\ubcc4\ubc88\ud638<\/td>\n<td>21366887<\/td>\n<\/tr>\n<\/tbody>\n<\/table>\n\r\n\t\t<\/div>\r\n\t<\/div>\r\n<div class=\"w-btn-wrapper width_auto align_left\"><a class=\"w-btn us-btn-style_8 icon_atleft\" href=\"http:\/\/www.g2b.go.kr:8092\/sm\/pp\/goods\/SMPPGoodsDtlInfo.do?cntrctGoodsMngNo=001950119004\" target=\"_blank\" rel=\"noopener\"><i class=\"fas fa-fas fa-external-link-alt\"><\/i><span class=\"w-btn-label\">\ub098\ub77c\uc7a5\ud130 \uc81c\ud488\ubc14\ub85c\uac00\uae30<\/span><\/a><\/div><div class=\"w-btn-wrapper width_auto align_left\"><a class=\"w-btn us-btn-style_9 icon_atleft\" href=\"\/ko\/inquiry\" rel=\"noopener nofollow\"><i class=\"fas fa-fas fa-edit\"><\/i><span class=\"w-btn-label\">\uacac\uc801\ubb38\uc758<\/span><\/a><\/div><\/div><\/div><\/div><\/div><div class=\"w-separator size_medium\"><\/div><div class=\"g-cols wpb_row  type_default valign_top vc_inner  vc_custom_1570122464993\"><div class=\"vc_col-sm-4 wpb_column vc_column_container\"><div class=\"vc_column-inner\"><div class=\"wpb_wrapper\"><div class=\"w-image align_center\"><a class=\"w-image-h\" href=\"http:\/\/www.ksikorea.com\/ko\/wp-content\/uploads\/2019\/10\/GS-SB201.jpg\" ref=\"magnificPopup\"><img loading=\"lazy\" decoding=\"async\" width=\"450\" height=\"450\" src=\"http:\/\/www.ksikorea.com\/ko\/wp-content\/uploads\/2019\/10\/GS-SB201.jpg\" class=\"attachment-large size-large\" alt=\"\" srcset=\"http:\/\/www.ksikorea.com\/ko\/wp-content\/uploads\/2019\/10\/GS-SB201.jpg 450w, http:\/\/www.ksikorea.com\/ko\/wp-content\/uploads\/2019\/10\/GS-SB201-150x150.jpg 150w, http:\/\/www.ksikorea.com\/ko\/wp-content\/uploads\/2019\/10\/GS-SB201-300x300.jpg 300w, http:\/\/www.ksikorea.com\/ko\/wp-content\/uploads\/2019\/10\/GS-SB201-350x350.jpg 350w\" sizes=\"auto, (max-width: 450px) 100vw, 450px\" \/><\/a><\/div><\/div><\/div><\/div><div class=\"vc_col-sm-8 wpb_column vc_column_container\"><div class=\"vc_column-inner\"><div class=\"wpb_wrapper\">\r\n\t<div class=\"wpb_text_column \">\r\n\t\t<div class=\"wpb_wrapper\">\r\n\t\t\t<table class=\"ksitbl\">\n<tbody>\n<tr>\n<td>\ud488\uba85<\/td>\n<td>GS-SB201<\/td>\n<\/tr>\n<tr>\n<td>\ub2e8\uc704<\/td>\n<td>\uac1c<\/td>\n<\/tr>\n<tr>\n<td>\uaddc\uaca9<\/td>\n<td>\u03a6165\u00d72T\u00d71050mm<\/td>\n<\/tr>\n<tr>\n<td>\ubb3c\ud488\uc2dd\ubcc4\ubc88\ud638<\/td>\n<td>21366837<\/td>\n<\/tr>\n<\/tbody>\n<\/table>\n\r\n\t\t<\/div>\r\n\t<\/div>\r\n<div class=\"w-btn-wrapper width_auto align_left\"><a class=\"w-btn us-btn-style_8 icon_atleft\" href=\"http:\/\/www.g2b.go.kr:8092\/sm\/pp\/goods\/SMPPGoodsDtlInfo.do?cntrctGoodsMngNo=001950119003\" target=\"_blank\" rel=\"noopener\"><i class=\"fas fa-fas fa-external-link-alt\"><\/i><span class=\"w-btn-label\">\ub098\ub77c\uc7a5\ud130 \uc81c\ud488\ubc14\ub85c\uac00\uae30<\/span><\/a><\/div><div class=\"w-btn-wrapper width_auto align_left\"><a class=\"w-btn us-btn-style_9 icon_atleft\" href=\"\/ko\/inquiry\" rel=\"noopener nofollow\"><i class=\"fas fa-fas fa-edit\"><\/i><span class=\"w-btn-label\">\uacac\uc801\ubb38\uc758<\/span><\/a><\/div><\/div><\/div><\/div><\/div><div class=\"w-separator size_medium\"><\/div><div class=\"g-cols wpb_row  type_default valign_top vc_inner  vc_custom_1570122464993\"><div class=\"vc_col-sm-4 wpb_column vc_column_container\"><div class=\"vc_column-inner\"><div class=\"wpb_wrapper\"><div class=\"w-image align_center\"><a class=\"w-image-h\" href=\"http:\/\/www.ksikorea.com\/ko\/wp-content\/uploads\/2019\/10\/GS-URB104-1.jpg\" ref=\"magnificPopup\"><img loading=\"lazy\" decoding=\"async\" width=\"450\" height=\"450\" src=\"http:\/\/www.ksikorea.com\/ko\/wp-content\/uploads\/2019\/10\/GS-URB104-1.jpg\" class=\"attachment-large size-large\" alt=\"\" srcset=\"http:\/\/www.ksikorea.com\/ko\/wp-content\/uploads\/2019\/10\/GS-URB104-1.jpg 450w, http:\/\/www.ksikorea.com\/ko\/wp-content\/uploads\/2019\/10\/GS-URB104-1-150x150.jpg 150w, http:\/\/www.ksikorea.com\/ko\/wp-content\/uploads\/2019\/10\/GS-URB104-1-300x300.jpg 300w, http:\/\/www.ksikorea.com\/ko\/wp-content\/uploads\/2019\/10\/GS-URB104-1-350x350.jpg 350w\" sizes=\"auto, (max-width: 450px) 100vw, 450px\" \/><\/a><\/div><\/div><\/div><\/div><div class=\"vc_col-sm-8 wpb_column vc_column_container\"><div class=\"vc_column-inner\"><div class=\"wpb_wrapper\">\r\n\t<div class=\"wpb_text_column \">\r\n\t\t<div class=\"wpb_wrapper\">\r\n\t\t\t<table class=\"ksitbl\">\n<tbody>\n<tr>\n<td>\ud488\uba85<\/td>\n<td>GS-URB104-1<\/td>\n<\/tr>\n<tr>\n<td>\ub2e8\uc704<\/td>\n<td>\uac1c<\/td>\n<\/tr>\n<tr>\n<td>\uaddc\uaca9<\/td>\n<td>\u03a6101\u00d7t2\u00d7H1000\u00d7W2000mm<\/td>\n<\/tr>\n<tr>\n<td>\ubb3c\ud488\uc2dd\ubcc4\ubc88\ud638<\/td>\n<td>21838817<\/td>\n<\/tr>\n<\/tbody>\n<\/table>\n\r\n\t\t<\/div>\r\n\t<\/div>\r\n<div class=\"w-btn-wrapper width_auto align_left\"><a class=\"w-btn us-btn-style_8 icon_atleft\" href=\"http:\/\/www.g2b.go.kr:8092\/sm\/pp\/goods\/SMPPGoodsDtlInfo.do?cntrctGoodsMngNo=001950119006\" target=\"_blank\" rel=\"noopener\"><i class=\"fas fa-fas fa-external-link-alt\"><\/i><span class=\"w-btn-label\">\ub098\ub77c\uc7a5\ud130 \uc81c\ud488\ubc14\ub85c\uac00\uae30<\/span><\/a><\/div><div class=\"w-btn-wrapper width_auto align_left\"><a class=\"w-btn us-btn-style_9 icon_atleft\" href=\"\/ko\/inquiry\" rel=\"noopener nofollow\"><i class=\"fas fa-fas fa-edit\"><\/i><span class=\"w-btn-label\">\uacac\uc801\ubb38\uc758<\/span><\/a><\/div><\/div><\/div><\/div><\/div><\/div><\/div><\/div><\/div><\/div><\/section><section class=\"l-section wpb_row height_small\"><div class=\"l-section-h i-cf\"><div class=\"g-cols vc_row type_default valign_top\"><div class=\"vc_col-sm-12 wpb_column vc_column_container\"><div class=\"vc_column-inner\"><div class=\"wpb_wrapper\"><div class=\"w-separator size_medium\"><\/div><\/div><\/div><\/div><\/div><\/div><\/section>\n","protected":false},"excerpt":{"rendered":"\ubcfc\ub77c\ub4dc \ud488\uba85 GS-SB101-1 \ub2e8\uc704 \uac1c \uaddc\uaca9 \u03a6216\u00d73T\u00d7H1000mm \ubb3c\ud488\uc2dd\ubcc4\ubc88\ud638 21366761 \ub098\ub77c\uc7a5\ud130 \uc81c\ud488\ubc14\ub85c\uac00\uae30\uacac\uc801\ubb38\uc758 \ud488\uba85 GS-SB101-3 \ub2e8\uc704 \uac1c \uaddc\uaca9 \u03a6216\u00d73T\u00d7H800mm \ubb3c\ud488\uc2dd\ubcc4\ubc88\ud638 21366835 \ub098\ub77c\uc7a5\ud130 \uc81c\ud488\ubc14\ub85c\uac00\uae30\uacac\uc801\ubb38\uc758 \ud488\uba85 KSI-TB700 \ub2e8\uc704 \uac1c \uaddc\uaca9 \u03a6197\u00d7980mm \ubb3c\ud488\uc2dd\ubcc4\ubc88\ud638 22992833 \ub098\ub77c\uc7a5\ud130 \uc81c\ud488\ubc14\ub85c\uac00\uae30\uacac\uc801\ubb38\uc758 \ud488\uba85 KSI-TB701-LED \ub2e8\uc704 \uac1c \uaddc\uaca9 \u03a6197\u00d7980mm \ubb3c\ud488\uc2dd\ubcc4\ubc88\ud638 22996148 \ub098\ub77c\uc7a5\ud130 \uc81c\ud488\ubc14\ub85c\uac00\uae30\uacac\uc801\ubb38\uc758 \ud488\uba85 GS-UB101-3 \ub2e8\uc704 \uac1c \uaddc\uaca9 \u03a6101\u00d72T\u00d7H600\u00d7W1200mm \ubb3c\ud488\uc2dd\ubcc4\ubc88\ud638 21366887 \ub098\ub77c\uc7a5\ud130 \uc81c\ud488\ubc14\ub85c\uac00\uae30\uacac\uc801\ubb38\uc758 \ud488\uba85 GS-SB201 \ub2e8\uc704 \uac1c...","protected":false},"author":1,"featured_media":0,"parent":0,"menu_order":0,"comment_status":"closed","ping_status":"closed","template":"","meta":{"footnotes":""},"class_list":["post-101","page","type-page","status-publish","hentry"],"_links":{"self":[{"href":"http:\/\/www.ksikorea.com\/ko\/wp-json\/wp\/v2\/pages\/101","targetHints":{"allow":["GET"]}}],"collection":[{"href":"http:\/\/www.ksikorea.com\/ko\/wp-json\/wp\/v2\/pages"}],"about":[{"href":"http:\/\/www.ksikorea.com\/ko\/wp-json\/wp\/v2\/types\/page"}],"author":[{"embeddable":true,"href":"http:\/\/www.ksikorea.com\/ko\/wp-json\/wp\/v2\/users\/1"}],"replies":[{"embeddable":true,"href":"http:\/\/www.ksikorea.com\/ko\/wp-json\/wp\/v2\/comments?post=101"}],"version-history":[{"count":5,"href":"http:\/\/www.ksikorea.com\/ko\/wp-json\/wp\/v2\/pages\/101\/revisions"}],"predecessor-version":[{"id":1247,"href":"http:\/\/www.ksikorea.com\/ko\/wp-json\/wp\/v2\/pages\/101\/revisions\/1247"}],"wp:attachment":[{"href":"http:\/\/www.ksikorea.com\/ko\/wp-json\/wp\/v2\/media?parent=101"}],"curies":[{"name":"wp","href":"https:\/\/api.w.org\/{rel}","templated":true}]}}